{"id":307,"date":"2021-04-20T10:10:32","date_gmt":"2021-04-20T10:10:32","guid":{"rendered":"https:\/\/side-step.it\/?page_id=307"},"modified":"2021-04-20T10:10:32","modified_gmt":"2021-04-20T10:10:32","slug":"il-luneri-di-smembar","status":"publish","type":"page","link":"https:\/\/www.side-step.it\/?page_id=307","title":{"rendered":"Il Lun\u00eari di Sm\u00e9mbar"},"content":{"rendered":"<p style=\"text-align: center;\">Il Lun\u00eari di Sm\u00e9mbar \u00e8 un lunario-calendario molto diffuso in Romagna. Sono elencate le varie feste religiose, i santi romagnoli e gli orari del sorgere e del tramontare del sole, con il meteo di ogni mese e i consigli per la semina.<\/p>\n<p style=\"text-align: center;\">Alla base di un lunario vi \u00e8 la credenza che la luna abbia influenza sulle attivit\u00e0 agricole. L&#8217;agricoltore, nel progettare la sua attivit\u00e0, consulta il lunario per conoscere la data d&#8217;inizio e della fine delle fasi lunari. Il lunario d\u00e0 i punti di riferimento ai contadini, aiutandoli nelle decisioni da prendere. Ancora oggi gli agricoltori romagnoli consultano il lunario per decidere quando travasare il vino, oppure seminare nell&#8217;orto.<\/p>\n<p style=\"text-align: center;\"><img loading=\"lazy\" decoding=\"async\" class=\"size-full wp-image-806 aligncenter\" src=\"https:\/\/side-step.it\/wp-content\/uploads\/2021\/07\/5.png\" alt=\"\" width=\"1080\" height=\"1080\" \/><\/p>\n<p style=\"text-align: center;\"><img loading=\"lazy\" decoding=\"async\" class=\"aligncenter wp-image-1013 size-full\" src=\"https:\/\/side-step.it\/wp-content\/uploads\/2021\/07\/luneri-2-ita.png\" alt=\"\" width=\"1080\" height=\"1080\" \/><\/p>\n<p style=\"text-align: center;\"><img loading=\"lazy\" decoding=\"async\" class=\"size-full wp-image-807 aligncenter\" src=\"https:\/\/side-step.it\/wp-content\/uploads\/2021\/07\/6_.png\" alt=\"\" width=\"1080\" height=\"1080\" \/> <img loading=\"lazy\" decoding=\"async\" class=\"size-full wp-image-808 aligncenter\" src=\"https:\/\/side-step.it\/wp-content\/uploads\/2021\/07\/7_.png\" alt=\"\" width=\"1080\" height=\"1080\" \/> <img loading=\"lazy\" decoding=\"async\" class=\"size-full wp-image-809 aligncenter\" src=\"https:\/\/side-step.it\/wp-content\/uploads\/2021\/07\/8_.png\" alt=\"\" width=\"1080\" height=\"1080\" \/><\/p>\n","protected":false},"excerpt":{"rendered":"<p>Il Lun\u00eari di Sm\u00e9mbar \u00e8 un lunario-calendario molto diffuso in Romagna. Sono elencate le varie feste religiose, i santi romagnoli e gli orari del sorgere e del tramontare del sole, con il meteo di ogni mese e i consigli per la semina. Alla base di un lunario vi \u00e8 la credenza che la luna abbia [&hellip;]<\/p>\n","protected":false},"author":1,"featured_media":0,"parent":0,"menu_order":0,"comment_status":"closed","ping_status":"closed","template":"","meta":{"footnotes":""},"class_list":["post-307","page","type-page","status-publish","hentry"],"_links":{"self":[{"href":"https:\/\/www.side-step.it\/index.php?rest_route=\/wp\/v2\/pages\/307","targetHints":{"allow":["GET"]}}],"collection":[{"href":"https:\/\/www.side-step.it\/index.php?rest_route=\/wp\/v2\/pages"}],"about":[{"href":"https:\/\/www.side-step.it\/index.php?rest_route=\/wp\/v2\/types\/page"}],"author":[{"embeddable":true,"href":"https:\/\/www.side-step.it\/index.php?rest_route=\/wp\/v2\/users\/1"}],"replies":[{"embeddable":true,"href":"https:\/\/www.side-step.it\/index.php?rest_route=%2Fwp%2Fv2%2Fcomments&post=307"}],"version-history":[{"count":0,"href":"https:\/\/www.side-step.it\/index.php?rest_route=\/wp\/v2\/pages\/307\/revisions"}],"wp:attachment":[{"href":"https:\/\/www.side-step.it\/index.php?rest_route=%2Fwp%2Fv2%2Fmedia&parent=307"}],"curies":[{"name":"wp","href":"https:\/\/api.w.org\/{rel}","templated":true}]}}