{"id":337,"date":"2021-04-20T10:42:00","date_gmt":"2021-04-20T10:42:00","guid":{"rendered":"https:\/\/side-step.it\/?page_id=337"},"modified":"2021-04-20T10:42:00","modified_gmt":"2021-04-20T10:42:00","slug":"una-meraviglia-senza-tempo","status":"publish","type":"page","link":"https:\/\/www.side-step.it\/?page_id=337","title":{"rendered":"Una meraviglia senza tempo"},"content":{"rendered":"<p><img loading=\"lazy\" decoding=\"async\" class=\"size-full wp-image-823 aligncenter\" src=\"https:\/\/side-step.it\/wp-content\/uploads\/2021\/07\/16.png\" alt=\"\" width=\"1080\" height=\"1080\" \/><\/p>\n<p class=\"_04xlpA direction-ltr align-center para-style-body\" style=\"text-align: center;\"><span class=\"JsGRdQ\">Il mosaico \u00e8 un\u2019antichissima tecnica decorativa che si \u00e8 sviluppata soprattutto nell\u2019ambito delle civilt\u00e0 pi\u00f9 ricche ed evolute quali furono la civilt\u00e0 greco romana e, in seguito, il mondo cristiano e bizantino dove divenne la tecnica decorativa privilegiata.<\/span><\/p>\n<p class=\"_04xlpA direction-ltr align-center para-style-body\" style=\"text-align: center;\"><span class=\"JsGRdQ\">Il mosaico si compone di tanti piccoli cubetti di forma pi\u00f9 o meno regolare, detti \u201ctessere\u201d, che vengono utilizzati per rivestire una superficie precedentemente trattata con una sostanza legante, cio\u00e8 con una particolare colla.<\/span><\/p>\n<p class=\"_04xlpA direction-ltr align-center para-style-body\" style=\"text-align: center;\"><span class=\"JsGRdQ\">Le tessere possono essere di diverso materiale: di pietra, di marmo, di ceramica, di madreperla o di vetro. Esse, inoltre, non saranno mai perfettamente uguali tra loro in quanto vengono tagliate a mano dal maestro mosaicista grazie ad alcuni strumenti particolari quali il tagliolo e la martellina.<\/span><\/p>\n<p class=\"_04xlpA direction-ltr align-center para-style-body\" style=\"text-align: center;\"><span class=\"JsGRdQ\">I mosaicisti della citt\u00e0 portano avanti il linguaggio del mosaico innovandolo continuamente senza perderne di vista le radici. Il laboratorio \u00e8 concepito come un&#8217;antica bottega dove si possono acquistare ed ordinare mosaici.<\/span><\/p>\n<p class=\"_04xlpA direction-ltr align-center para-style-body\" style=\"text-align: center;\">Suggeriamo di seguire i corsi presso il <span style=\"color: #00c7a4;\"><a style=\"color: #00c7a4;\" href=\"https:\/\/kokomosaico.com\/it\/courses\">Koko Mosaico<\/a><\/span>, che ci ha gentilmente concesso l&#8217;utilizzo della foto<\/p>\n","protected":false},"excerpt":{"rendered":"<p>Il mosaico \u00e8 un\u2019antichissima tecnica decorativa che si \u00e8 sviluppata soprattutto nell\u2019ambito delle civilt\u00e0 pi\u00f9 ricche ed evolute quali furono la civilt\u00e0 greco romana e, in seguito, il mondo cristiano e bizantino dove divenne la tecnica decorativa privilegiata. Il mosaico si compone di tanti piccoli cubetti di forma pi\u00f9 o meno regolare, detti \u201ctessere\u201d, che [&hellip;]<\/p>\n","protected":false},"author":1,"featured_media":0,"parent":0,"menu_order":0,"comment_status":"closed","ping_status":"closed","template":"","meta":{"footnotes":""},"class_list":["post-337","page","type-page","status-publish","hentry"],"_links":{"self":[{"href":"https:\/\/www.side-step.it\/index.php?rest_route=\/wp\/v2\/pages\/337","targetHints":{"allow":["GET"]}}],"collection":[{"href":"https:\/\/www.side-step.it\/index.php?rest_route=\/wp\/v2\/pages"}],"about":[{"href":"https:\/\/www.side-step.it\/index.php?rest_route=\/wp\/v2\/types\/page"}],"author":[{"embeddable":true,"href":"https:\/\/www.side-step.it\/index.php?rest_route=\/wp\/v2\/users\/1"}],"replies":[{"embeddable":true,"href":"https:\/\/www.side-step.it\/index.php?rest_route=%2Fwp%2Fv2%2Fcomments&post=337"}],"version-history":[{"count":0,"href":"https:\/\/www.side-step.it\/index.php?rest_route=\/wp\/v2\/pages\/337\/revisions"}],"wp:attachment":[{"href":"https:\/\/www.side-step.it\/index.php?rest_route=%2Fwp%2Fv2%2Fmedia&parent=337"}],"curies":[{"name":"wp","href":"https:\/\/api.w.org\/{rel}","templated":true}]}}