{"id":339,"date":"2021-04-20T10:43:56","date_gmt":"2021-04-20T10:43:56","guid":{"rendered":"https:\/\/side-step.it\/?page_id=339"},"modified":"2021-04-20T10:43:56","modified_gmt":"2021-04-20T10:43:56","slug":"slow-looking","status":"publish","type":"page","link":"https:\/\/www.side-step.it\/?page_id=339","title":{"rendered":"Slow Looking"},"content":{"rendered":"<p class=\"_04xlpA direction-ltr align-center para-style-body\" style=\"text-align: center;\"><span class=\"JsGRdQ\">La prima buona regola per visitare un monumento \u00e8 semplice e naturale: non avere fretta, imparando a prendersi il tempo necessario. Si tratta di un piacere, ed \u00e8 importante seguire l&#8217;istinto.<\/span><\/p>\n<p class=\"_04xlpA direction-ltr align-center para-style-body\" style=\"text-align: center;\"><span class=\"JsGRdQ\"><strong>8 secondi<\/strong>: \u00e8 questo il tempo medio che si dedica all&#8217;osservazione di un opera d&#8217;arte all&#8217;interno di un Museo.<\/span><\/p>\n<p class=\"_04xlpA direction-ltr align-center para-style-body\" style=\"text-align: center;\"><span class=\"JsGRdQ\">Impara lo &#8220;slow looking&#8221;, lo sguardo lento per ammirare opere d&#8217;arte, nato in Gran Bretagna nei Musei targati Tate.<\/span><\/p>\n<p class=\"_04xlpA direction-ltr align-center para-style-body\" style=\"text-align: center;\"><span class=\"JsGRdQ\">La visita di un<\/span> <span class=\"JsGRdQ\">Monumento o Museo \u00e8 sempre un&#8217;emozione e per questo il consiglio \u00e8 di abbandonarsi al piacere dei sensi. \u00c8 meglio soffermarsi se qualche colore, forma o disegno ci piace particolarmente per capirne a pieno il significato, e coglierne il messaggio rivolto a noi.<\/span><\/p>\n<p style=\"text-align: center;\"><strong><big>VISTA<\/big><\/strong><\/p>\n<p style=\"text-align: center;\"><span class=\"JsGRdQ\">Scegliete una parte della Chiesa di San Vitale che attira la vostra attenzione e fermatevi li un momento. Lasciate affiorare le sensazioni, i ricordi e immergetevi nell&#8217;arte<\/span><\/p>\n<p style=\"text-align: center;\"><strong><big>OLFATTO<\/big><\/strong><\/p>\n<p style=\"text-align: center;\"><span class=\"JsGRdQ\">Le Chiese hanno spesso odori molto mistici, profondi e indelebili. Provate a coglierne l&#8217;intensit\u00e0<\/span><\/p>\n<p style=\"text-align: center;\"><strong><big>UDITO<\/big><\/strong><\/p>\n<p style=\"text-align: center;\"><span class=\"JsGRdQ\">\u00a0L<\/span><span class=\"JsGRdQ\">asciatevi pervadere da questo meraviglioso silenzio, dalla pace e l&#8217;immensit\u00e0 del luogo<\/span><\/p>\n<p>&nbsp;<\/p>\n<p><span class=\"JsGRdQ\">\u00a0<\/span><\/p>\n<p class=\"_04xlpA direction-ltr align-center para-style-body\" style=\"text-align: center;\"><iframe loading=\"lazy\" style=\"border: 0;\" src=\"https:\/\/www.google.com\/maps\/embed?pb=!1m18!1m12!1m3!1d2849.6143152992267!2d12.194197714497625!3d44.42055951049069!2m3!1f0!2f0!3f0!3m2!1i1024!2i768!4f13.1!3m3!1m2!1s0x477df9556ff99bbd%3A0x6e4bf4c86a07ee28!2sBasilica%20di%20San%20Vitale!5e0!3m2!1sit!2sit!4v1618931267360!5m2!1sit!2sit\" width=\"600\" height=\"450\" allowfullscreen=\"allowfullscreen\"><\/iframe><\/p>\n","protected":false},"excerpt":{"rendered":"<p>La prima buona regola per visitare un monumento \u00e8 semplice e naturale: non avere fretta, imparando a prendersi il tempo necessario. Si tratta di un piacere, ed \u00e8 importante seguire l&#8217;istinto. 8 secondi: \u00e8 questo il tempo medio che si dedica all&#8217;osservazione di un opera d&#8217;arte all&#8217;interno di un Museo. Impara lo &#8220;slow looking&#8221;, lo [&hellip;]<\/p>\n","protected":false},"author":1,"featured_media":0,"parent":0,"menu_order":0,"comment_status":"closed","ping_status":"closed","template":"","meta":{"footnotes":""},"class_list":["post-339","page","type-page","status-publish","hentry"],"_links":{"self":[{"href":"https:\/\/www.side-step.it\/index.php?rest_route=\/wp\/v2\/pages\/339","targetHints":{"allow":["GET"]}}],"collection":[{"href":"https:\/\/www.side-step.it\/index.php?rest_route=\/wp\/v2\/pages"}],"about":[{"href":"https:\/\/www.side-step.it\/index.php?rest_route=\/wp\/v2\/types\/page"}],"author":[{"embeddable":true,"href":"https:\/\/www.side-step.it\/index.php?rest_route=\/wp\/v2\/users\/1"}],"replies":[{"embeddable":true,"href":"https:\/\/www.side-step.it\/index.php?rest_route=%2Fwp%2Fv2%2Fcomments&post=339"}],"version-history":[{"count":0,"href":"https:\/\/www.side-step.it\/index.php?rest_route=\/wp\/v2\/pages\/339\/revisions"}],"wp:attachment":[{"href":"https:\/\/www.side-step.it\/index.php?rest_route=%2Fwp%2Fv2%2Fmedia&parent=339"}],"curies":[{"name":"wp","href":"https:\/\/api.w.org\/{rel}","templated":true}]}}