{"id":386,"date":"2021-04-20T11:45:21","date_gmt":"2021-04-20T11:45:21","guid":{"rendered":"https:\/\/side-step.it\/?page_id=386"},"modified":"2021-04-20T11:45:21","modified_gmt":"2021-04-20T11:45:21","slug":"la-divina-commedia-in-chiave-mindful","status":"publish","type":"page","link":"https:\/\/www.side-step.it\/?page_id=386","title":{"rendered":"La Divina Commedia in chiave Mindful"},"content":{"rendered":"<p class=\"_04xlpA direction-ltr align-center para-style-body\" style=\"text-align: center;\"><span class=\"JsGRdQ\"><img loading=\"lazy\" decoding=\"async\" class=\"aligncenter wp-image-1023 size-full\" src=\"https:\/\/side-step.it\/wp-content\/uploads\/2021\/07\/DANTE-ita.png\" alt=\"\" width=\"1080\" height=\"1080\" \/><\/span><\/p>\n<p>&nbsp;<\/p>\n<p class=\"_04xlpA direction-ltr align-center para-style-body\" style=\"text-align: center;\"><span class=\"JsGRdQ\">L\u2019Inferno di Dante esprime una fotografia tangibile dei nostri disagi: ansia, frustrazione, rimpianti, rabbia, paure, trappole invalidanti in cui \u00e8 fin troppo facile incappare nel corso \u201c<\/span><span class=\"JsGRdQ\">del cammin di nostra vita<\/span><span class=\"JsGRdQ\">\u201d.<\/span><\/p>\n<p class=\"_04xlpA direction-ltr align-center para-style-body\" style=\"text-align: center;\"><span class=\"JsGRdQ\">Il Purgatorio la strada per liberarsene.<\/span><\/p>\n<p class=\"_04xlpA direction-ltr align-center para-style-body\" style=\"text-align: center;\"><span class=\"JsGRdQ\">Il Paradiso il passaggio a una vita pienamente realizzata, che esprima le potenzialit\u00e0 di saggezza e unicit\u00e0 che risiedono in ciascuno di noi, indipendentemente dalla portata delle nostre vittorie.<\/span><\/p>\n<p class=\"_04xlpA direction-ltr align-center para-style-body\" style=\"text-align: center;\"><span class=\"JsGRdQ\">Non dobbiamo sopprimere le emozioni per essere pi\u00f9 &#8220;spirituali&#8221; e dobbiamo predisporre la mente ad accettare i pensieri sia positivi che negativi. Dobbiamo elaborare la conoscenza di noi stessi in rapporto alle emozioni e ai pensieri cos\u00ec come sono.<\/span><\/p>\n<p class=\"_04xlpA direction-ltr align-center para-style-body\" style=\"text-align: center;\"><span class=\"JsGRdQ\">Una spiritualit\u00e0 duratura non pu\u00f2 essere imposta dall\u2019esterno, ma \u00e8 un lavoro interiore, di conoscenza e di profondit\u00e0 accettando tutto quello che l\u00ec risiede.<\/span><\/p>\n<p class=\"_04xlpA direction-ltr align-center para-style-body\" style=\"text-align: center;\"><span class=\"JsGRdQ\">Tutti ci smarriamo perch\u00e9 abbiamo la tendenza a partire da un atteggiamento o da un presupposto negativo.<\/span> <span class=\"JsGRdQ\">Il nostro lato infernale.<\/span><\/p>\n<p class=\"_04xlpA direction-ltr align-center para-style-body\" style=\"text-align: center;\"><span class=\"JsGRdQ\">Malgrado questi ostacoli, percepiamo in noi il germe di una promessa, e vediamo che la nostra vita tende al perseguimento di quella promessa.<\/span><\/p>\n<p class=\"_04xlpA direction-ltr align-center para-style-body\" style=\"text-align: center;\"><span class=\"JsGRdQ\">Questo viaggio indica la via verso la migliore versione di noi stessi.<\/span><\/p>\n<p>&nbsp;<\/p>\n","protected":false},"excerpt":{"rendered":"<p>&nbsp; L\u2019Inferno di Dante esprime una fotografia tangibile dei nostri disagi: ansia, frustrazione, rimpianti, rabbia, paure, trappole invalidanti in cui \u00e8 fin troppo facile incappare nel corso \u201cdel cammin di nostra vita\u201d. Il Purgatorio la strada per liberarsene. Il Paradiso il passaggio a una vita pienamente realizzata, che esprima le potenzialit\u00e0 di saggezza e unicit\u00e0 [&hellip;]<\/p>\n","protected":false},"author":1,"featured_media":0,"parent":0,"menu_order":0,"comment_status":"closed","ping_status":"closed","template":"","meta":{"footnotes":""},"class_list":["post-386","page","type-page","status-publish","hentry"],"_links":{"self":[{"href":"https:\/\/www.side-step.it\/index.php?rest_route=\/wp\/v2\/pages\/386","targetHints":{"allow":["GET"]}}],"collection":[{"href":"https:\/\/www.side-step.it\/index.php?rest_route=\/wp\/v2\/pages"}],"about":[{"href":"https:\/\/www.side-step.it\/index.php?rest_route=\/wp\/v2\/types\/page"}],"author":[{"embeddable":true,"href":"https:\/\/www.side-step.it\/index.php?rest_route=\/wp\/v2\/users\/1"}],"replies":[{"embeddable":true,"href":"https:\/\/www.side-step.it\/index.php?rest_route=%2Fwp%2Fv2%2Fcomments&post=386"}],"version-history":[{"count":0,"href":"https:\/\/www.side-step.it\/index.php?rest_route=\/wp\/v2\/pages\/386\/revisions"}],"wp:attachment":[{"href":"https:\/\/www.side-step.it\/index.php?rest_route=%2Fwp%2Fv2%2Fmedia&parent=386"}],"curies":[{"name":"wp","href":"https:\/\/api.w.org\/{rel}","templated":true}]}}