{"id":408,"date":"2021-04-20T13:55:25","date_gmt":"2021-04-20T13:55:25","guid":{"rendered":"https:\/\/side-step.it\/?page_id=408"},"modified":"2021-04-20T13:55:25","modified_gmt":"2021-04-20T13:55:25","slug":"il-cappelletto","status":"publish","type":"page","link":"https:\/\/www.side-step.it\/?page_id=408","title":{"rendered":"Il Cappelletto"},"content":{"rendered":"<p><img loading=\"lazy\" decoding=\"async\" class=\"aligncenter wp-image-415 size-full\" src=\"https:\/\/side-step.it\/wp-content\/uploads\/2021\/04\/cappelletto.png\" alt=\"\" width=\"1080\" height=\"1080\" \/><\/p>\n<p>&nbsp;<\/p>\n<p style=\"text-align: center;\">[one_second]<\/p>\n<p class=\"_04xlpA direction-ltr align-center para-style-body\" style=\"text-align: center;\"><span class=\"JsGRdQ\"><big><strong>Ingredienti<\/strong><\/big>:<\/span><\/p>\n<p class=\"_04xlpA direction-ltr align-center para-style-body\" style=\"text-align: center;\"><em><span class=\"JsGRdQ\">(per 4 persone)<\/span><\/em><\/p>\n<p class=\"_04xlpA direction-ltr align-center para-style-body\" style=\"text-align: center;\"><span class=\"JsGRdQ\"><strong>Per la sfoglia all\u2019uovo<\/strong>:<\/span><\/p>\n<p class=\"_04xlpA direction-ltr align-center para-style-body\" style=\"text-align: center;\"><span class=\"JsGRdQ\">400 g farina 00<\/span><\/p>\n<p class=\"_04xlpA direction-ltr align-center para-style-body\" style=\"text-align: center;\"><span class=\"JsGRdQ\">4 uova<\/span><\/p>\n<p class=\"_04xlpA direction-ltr align-center para-style-body\" style=\"text-align: center;\"><span class=\"JsGRdQ\"><strong>Per il ripieno<\/strong>:<\/span><\/p>\n<p class=\"_04xlpA direction-ltr align-center para-style-body\" style=\"text-align: center;\"><span class=\"JsGRdQ\">300 g di casatella romagnola<\/span><\/p>\n<p class=\"_04xlpA direction-ltr align-center para-style-body\" style=\"text-align: center;\"><span class=\"JsGRdQ\">100 g di parmigiano grattugiato<\/span><\/p>\n<p class=\"_04xlpA direction-ltr align-center para-style-body\" style=\"text-align: center;\"><span class=\"JsGRdQ\">noce moscata<\/span><\/p>\n<p class=\"_04xlpA direction-ltr align-center para-style-body\" style=\"text-align: center;\"><span class=\"JsGRdQ\"><strong>Per il brodo di carne<\/strong>:<\/span><\/p>\n<p class=\"_04xlpA direction-ltr align-center para-style-body\" style=\"text-align: center;\"><span class=\"JsGRdQ\">cipolla<\/span><\/p>\n<p class=\"_04xlpA direction-ltr align-center para-style-body\" style=\"text-align: center;\"><span class=\"JsGRdQ\">carota<\/span><\/p>\n<p class=\"_04xlpA direction-ltr align-center para-style-body\" style=\"text-align: center;\"><span class=\"JsGRdQ\">cappone<\/span><\/p>\n<p class=\"_04xlpA direction-ltr align-center para-style-body\" style=\"text-align: center;\"><span class=\"JsGRdQ\">muscolo di manzo<br \/>\n<\/span><\/p>\n<p class=\"_04xlpA direction-ltr align-center para-style-body\" style=\"text-align: center;\"><span class=\"JsGRdQ\">osso di manzo<br \/>\n<\/span><\/p>\n<p class=\"_04xlpA direction-ltr align-center para-style-body\" style=\"text-align: center;\"><span class=\"JsGRdQ\">crosta di parmigiano<\/span><\/p>\n<p class=\"_04xlpA direction-ltr align-center para-style-body\" style=\"text-align: center;\"><span class=\"JsGRdQ\">sedano<\/span><\/p>\n<p class=\"_04xlpA direction-ltr align-center para-style-body\" style=\"text-align: center;\"><span class=\"JsGRdQ\">odori a scelta (grani di pepe, chiodi di garofano&#8230;)<\/span><\/p>\n<p style=\"text-align: center;\">[\/one_second]<\/p>\n<p style=\"text-align: center;\">[one_second]<\/p>\n<p class=\"_04xlpA direction-ltr align-center para-style-body\" style=\"text-align: center;\"><em><strong><span class=\"JsGRdQ\"><big>La vera ricetta della tradizione<\/big><\/span><\/strong><\/em><\/p>\n<p class=\"_04xlpA direction-ltr align-center para-style-body\" style=\"text-align: center;\"><span class=\"JsGRdQ\">Dopo aver preparato il brodo di carne (anche il giorno prima), passa alla sfoglia, in cui per ogni uovo metterai circa 100 g di farina. Metti a fontana la farina in un recipiente e rompici dentro le uova. Non inserire da subito tutta la farina pesata, perch\u00e9 magari non sar\u00e0 necessaria amalgamarla tutta nell\u2019impasto: tutto dipende dalla grandezza delle uova. Lascia sempre a parte un po\u2019 di farina. Se l\u2019impasto dovesse risultare morbido, la aggiungerai un po\u2019 alla volta.<\/span><\/p>\n<p class=\"_04xlpA direction-ltr align-center para-style-body\" style=\"text-align: center;\"><span class=\"JsGRdQ\">Impasta bene il composto su di un tagliere. Il segreto di una buona sfoglia \u00e8 la preparazione: pi\u00f9 viene impastata e pi\u00f9 diventer\u00e0 liscia e ben amalgamata. Quando avrai ottenuto la consistenza desiderata, lascia riposare la sfoglia per almeno mezz\u2019ora, coprendola con pellicola trasparente o inserendola in un sacchetto per alimenti.<\/span><\/p>\n<p style=\"text-align: center;\">Nel frattempo, passa a preparare il ripieno di formaggi. Per fare quest\u2019operazione non ci sono dosi ben precise, perch\u00e9 dipende dai gusti, dai tipi di formaggi e dalla consistenza che si viene a creare man mano che si aggiungono formaggi diversi. Quindi si va un po\u2019 \u201cad occhio\u201d, assaggiando man mano il ripieno.<\/p>\n<p style=\"text-align: center;\">Passate a \u201ctirare\u201d la sfoglia con il mattarello. Se l\u2019impasto \u00e8 tanto, \u00e8 preferibile tagliarlo in 2 o 3 parti e man mano tirare la sfoglia. In questo modo eviterai di fare una sfoglia molto grande, che tender\u00e0 a seccarsi facilmente. Di conseguenza sar\u00e0 pi\u00f9 difficile creare la forma dei cappelletti, in quanto l\u2019impasto non risulter\u00e0 pi\u00f9 morbido al punto giusto.<\/p>\n<p style=\"text-align: center;\">Stendi la sfoglia fino a raggiungere circa uno spessore di 2 mm. Taglia la sfoglia con l\u2019apposita rotellina fino a formare dei quadrati 4-5 cm per lato. Metti un po\u2019 di ripieno all\u2019interno di ogni quadratino. Per chiudere, piega a met\u00e0 il quadrato fino a creare un triangolo. Poi prendi i lati della base del triangolo, ruotali intorno al ripieno e richiudili per formare la classica forma a cappello dei cappelletti.<\/p>\n<p style=\"text-align: center;\">Per non far seccare la sfoglia, man mano che realizzi i cappelletti, copri la sfoglia con un foglio di pellicola per alimenti. Sistema i cappelletti su alcuni vassoi, evitando di sovrapporli l\u2019uno sull\u2019altro.<\/p>\n<p style=\"text-align: center;\">Una volta pronti, i cappelletti possono essere conservati in freezer oppure li puoi cuocere direttamente.<\/p>\n<p style=\"text-align: center;\">Cuocili direttamente nel brodo di carne per pochissimi minuti, finch\u00e9 non verranno a galla.<\/p>\n<p style=\"text-align: center;\">Ed ecco un buonissimo piatto di cappelletti come vuole la tradizione romagnola!<\/p>\n<p>[\/one_second]<\/p>\n","protected":false},"excerpt":{"rendered":"<p>&nbsp; [one_second] Ingredienti: (per 4 persone) Per la sfoglia all\u2019uovo: 400 g farina 00 4 uova Per il ripieno: 300 g di casatella romagnola 100 g di parmigiano grattugiato noce moscata Per il brodo di carne: cipolla carota cappone muscolo di manzo osso di manzo crosta di parmigiano sedano odori a scelta (grani di pepe, [&hellip;]<\/p>\n","protected":false},"author":1,"featured_media":0,"parent":0,"menu_order":0,"comment_status":"closed","ping_status":"closed","template":"","meta":{"footnotes":""},"class_list":["post-408","page","type-page","status-publish","hentry"],"_links":{"self":[{"href":"https:\/\/www.side-step.it\/index.php?rest_route=\/wp\/v2\/pages\/408","targetHints":{"allow":["GET"]}}],"collection":[{"href":"https:\/\/www.side-step.it\/index.php?rest_route=\/wp\/v2\/pages"}],"about":[{"href":"https:\/\/www.side-step.it\/index.php?rest_route=\/wp\/v2\/types\/page"}],"author":[{"embeddable":true,"href":"https:\/\/www.side-step.it\/index.php?rest_route=\/wp\/v2\/users\/1"}],"replies":[{"embeddable":true,"href":"https:\/\/www.side-step.it\/index.php?rest_route=%2Fwp%2Fv2%2Fcomments&post=408"}],"version-history":[{"count":0,"href":"https:\/\/www.side-step.it\/index.php?rest_route=\/wp\/v2\/pages\/408\/revisions"}],"wp:attachment":[{"href":"https:\/\/www.side-step.it\/index.php?rest_route=%2Fwp%2Fv2%2Fmedia&parent=408"}],"curies":[{"name":"wp","href":"https:\/\/api.w.org\/{rel}","templated":true}]}}