{"id":447,"date":"2021-04-20T14:43:31","date_gmt":"2021-04-20T14:43:31","guid":{"rendered":"https:\/\/side-step.it\/?page_id=447"},"modified":"2021-04-20T14:43:31","modified_gmt":"2021-04-20T14:43:31","slug":"romagnolo-doc","status":"publish","type":"page","link":"https:\/\/www.side-step.it\/?page_id=447","title":{"rendered":"Romagnolo DOC"},"content":{"rendered":"<p class=\"_04xlpA direction-ltr align-center para-style-body\" style=\"text-align: center;\"><strong><span class=\"JsGRdQ\">Le tue radici<\/span><\/strong><\/p>\n<p class=\"_04xlpA direction-ltr align-center para-style-body\" style=\"text-align: center;\"><span class=\"JsGRdQ\">Sii fiero delle tue radici, conoscere i valori della terra e del popolo a cui apparteniamo \u00e8 un dono da offrire al proprio interlocutore. Riscoprire alcune espressioni dialettali attraverso una semplice ricerca su internet, \u00e8 un esercizio facile e istantaneo.<\/span><\/p>\n<p class=\"_04xlpA direction-ltr align-center para-style-body\" style=\"text-align: center;\"><strong><span class=\"JsGRdQ\">Modi di dire della tradizione Romagnola<\/span><\/strong><\/p>\n<p class=\"_04xlpA direction-ltr align-center para-style-body\" style=\"text-align: center;\"><em><span class=\"JsGRdQ\">S&#8217;ajav\u00e8s e sa f\u00f2s is mur\u00e9 in miseria int e&#8217; fond d&#8217;un fos<\/span><\/em><\/p>\n<p class=\"_04xlpA direction-ltr align-center para-style-body\" style=\"text-align: center;\"><span class=\"JsGRdQ\">Se avessi e se fossi morirono in miseria in fondo ad un fosso.<\/span><\/p>\n<p class=\"_04xlpA direction-ltr align-center para-style-body\" style=\"text-align: center;\"><span class=\"JsGRdQ\">Assomiglia al noto &#8220;con i se e con i ma, non si fa la storia&#8221;, per identificare come i romagnoli siano dediti alla concretezza e al non perdere mai tempo dietro alle ipotesi.<\/span><\/p>\n<p class=\"_04xlpA direction-ltr align-center para-style-body\" style=\"text-align: center;\"><span class=\"JsGRdQ\">La Romagna \u00e8 la sua lingua.<\/span><\/p>\n<p class=\"_04xlpA direction-ltr align-center para-style-body\" style=\"text-align: center;\"><span class=\"JsGRdQ\">L\u2019unicit\u00e0 della nostra lingua esprime l\u2019unicit\u00e0 del nostro DNA, sia di pensiero che di azione.<\/span><\/p>\n<p class=\"_04xlpA direction-ltr align-center para-style-body\" style=\"text-align: center;\"><span class=\"JsGRdQ\">Per sapere dove vuoi andare scopri prima da dove vieni.<\/span><\/p>\n","protected":false},"excerpt":{"rendered":"<p>Le tue radici Sii fiero delle tue radici, conoscere i valori della terra e del popolo a cui apparteniamo \u00e8 un dono da offrire al proprio interlocutore. Riscoprire alcune espressioni dialettali attraverso una semplice ricerca su internet, \u00e8 un esercizio facile e istantaneo. Modi di dire della tradizione Romagnola S&#8217;ajav\u00e8s e sa f\u00f2s is mur\u00e9 [&hellip;]<\/p>\n","protected":false},"author":1,"featured_media":0,"parent":0,"menu_order":0,"comment_status":"closed","ping_status":"closed","template":"","meta":{"footnotes":""},"class_list":["post-447","page","type-page","status-publish","hentry"],"_links":{"self":[{"href":"https:\/\/www.side-step.it\/index.php?rest_route=\/wp\/v2\/pages\/447","targetHints":{"allow":["GET"]}}],"collection":[{"href":"https:\/\/www.side-step.it\/index.php?rest_route=\/wp\/v2\/pages"}],"about":[{"href":"https:\/\/www.side-step.it\/index.php?rest_route=\/wp\/v2\/types\/page"}],"author":[{"embeddable":true,"href":"https:\/\/www.side-step.it\/index.php?rest_route=\/wp\/v2\/users\/1"}],"replies":[{"embeddable":true,"href":"https:\/\/www.side-step.it\/index.php?rest_route=%2Fwp%2Fv2%2Fcomments&post=447"}],"version-history":[{"count":0,"href":"https:\/\/www.side-step.it\/index.php?rest_route=\/wp\/v2\/pages\/447\/revisions"}],"wp:attachment":[{"href":"https:\/\/www.side-step.it\/index.php?rest_route=%2Fwp%2Fv2%2Fmedia&parent=447"}],"curies":[{"name":"wp","href":"https:\/\/api.w.org\/{rel}","templated":true}]}}