{"id":697,"date":"2021-07-07T10:18:59","date_gmt":"2021-07-07T10:18:59","guid":{"rendered":"https:\/\/side-step.it\/?page_id=697"},"modified":"2021-07-07T10:18:59","modified_gmt":"2021-07-07T10:18:59","slug":"en-romagnolo-doc","status":"publish","type":"page","link":"https:\/\/www.side-step.it\/?page_id=697","title":{"rendered":"Romagnolo DOC"},"content":{"rendered":"<p class=\"_04xlpA direction-ltr align-center para-style-body\" style=\"text-align: center;\"><strong><span class=\"JsGRdQ\">Your roots<\/span><\/strong><\/p>\n<p class=\"_04xlpA direction-ltr align-center para-style-body\" style=\"text-align: center;\">Be proud of your roots: knowing the values of the place and the people we belong to is a gift to share with your interlocutor. Rediscovering some dialectal expressions through a simple internet search is an easy and quick exercise.<\/p>\n<p class=\"_04xlpA direction-ltr align-center para-style-body\" style=\"text-align: center;\"><strong><span class=\"JsGRdQ\">Traditional sayings from Romagna<\/span><\/strong><\/p>\n<p class=\"_04xlpA direction-ltr align-center para-style-body\" style=\"text-align: center;\"><em><span class=\"JsGRdQ\">S&#8217;ajav\u00e8s e sa f\u00f2s is mur\u00e9 in miseria int e&#8217; fond d&#8217;un fos<\/span><\/em><\/p>\n<p style=\"text-align: center;\">If I had and if I were died in misery at the bottom of a ditch.<\/p>\n<p style=\"text-align: center;\">It resembles the well-known &#8220;history isn&#8217;t made with ifs and buts&#8221;, identifying how the people of Romagna are devoted to concreteness and to never wasting time on hypotheses.<\/p>\n<p style=\"text-align: center;\">Romagna is its language.<\/p>\n<p style=\"text-align: center;\">The uniqueness of our language expresses the uniqueness of our DNA, both in thought and action.<\/p>\n<p style=\"text-align: center;\">To know where you want to go, you have to find out where you come from first.<\/p>\n","protected":false},"excerpt":{"rendered":"<p>Your roots Be proud of your roots: knowing the values of the place and the people we belong to is a gift to share with your interlocutor. Rediscovering some dialectal expressions through a simple internet search is an easy and quick exercise. Traditional sayings from Romagna S&#8217;ajav\u00e8s e sa f\u00f2s is mur\u00e9 in miseria int [&hellip;]<\/p>\n","protected":false},"author":1,"featured_media":0,"parent":0,"menu_order":0,"comment_status":"closed","ping_status":"closed","template":"","meta":{"footnotes":""},"class_list":["post-697","page","type-page","status-publish","hentry"],"_links":{"self":[{"href":"https:\/\/www.side-step.it\/index.php?rest_route=\/wp\/v2\/pages\/697","targetHints":{"allow":["GET"]}}],"collection":[{"href":"https:\/\/www.side-step.it\/index.php?rest_route=\/wp\/v2\/pages"}],"about":[{"href":"https:\/\/www.side-step.it\/index.php?rest_route=\/wp\/v2\/types\/page"}],"author":[{"embeddable":true,"href":"https:\/\/www.side-step.it\/index.php?rest_route=\/wp\/v2\/users\/1"}],"replies":[{"embeddable":true,"href":"https:\/\/www.side-step.it\/index.php?rest_route=%2Fwp%2Fv2%2Fcomments&post=697"}],"version-history":[{"count":0,"href":"https:\/\/www.side-step.it\/index.php?rest_route=\/wp\/v2\/pages\/697\/revisions"}],"wp:attachment":[{"href":"https:\/\/www.side-step.it\/index.php?rest_route=%2Fwp%2Fv2%2Fmedia&parent=697"}],"curies":[{"name":"wp","href":"https:\/\/api.w.org\/{rel}","templated":true}]}}